{"id":24,"date":"2018-10-24T11:46:14","date_gmt":"2018-10-24T09:46:14","guid":{"rendered":"https:\/\/cv.utcluj.ro\/carsafe\/?page_id=24"},"modified":"2018-11-28T07:36:56","modified_gmt":"2018-11-28T05:36:56","slug":"planderealizare","status":"publish","type":"page","link":"https:\/\/cv.utcluj.ro\/carsafe\/index.php\/planderealizare\/","title":{"rendered":"Plan de realizare"},"content":{"rendered":"<div style=\"text-align: justify;\">\n<strong>PROIECT 3:<\/strong><br \/>\nTehnologii de comunica\u021bie V2X pentru sisteme cooperative de asistare a conducerii si vehicule autonome<\/p>\n<p><strong>Descriere:<\/strong><br \/>\nProiectul \u00ee\u0219i propune dezvoltarea unei noi arhitecturi de comunica\u021bie V2X,analiz\u00e2nd cele dou\u0103 modalit\u0103\u021bi principale de comunica\u021bie, interconectarea acestei arhitecturi cu alte mecanisme de comunica\u021bie (prin lumin\u0103 vizibil\u0103 &#8211; VLC, realitate augmentat\u0103 &#8211; IV-AR), \u0219i dezvoltarea de noi aplica\u021bii de asistare a conducerii care s\u0103 poat\u0103 fi integrate \u0219i in vehiculele autonome.<\/p>\n<p><strong>Etapa 1: STUDIUL \u0218I DEZVOLTAREA ARHITECTURII SOFTWARE PENTRU SISTEME DE COMUNICA\u021aIE V2X<\/strong><\/p>\n<ol>\n<li>Studiul metodelor de comunicare in re\u021bele vehiculare ad-hoc<\/li>\n<li>Implementarea componentelor software pentru interconectarea dispozitivelor in cadrul arhitecturii software a modulului de comunica\u021bie<\/li>\n<li>Implementare arhitecturii software pentru modulul de comunica\u021bie V2X<\/li>\n<li>Studiul si implementarea unor algoritmi eficien\u021bi pentru criptarea informa\u021biilor transmise in re\u021bele vehiculare<\/li>\n<li>Testarea arhitecturii software<\/li>\n<li>Studiul metodelor de proiectare si digitizare holograme complexe <\/li>\n<li>Studiul algoritmilor de  compresie a hologramelor <\/li>\n<\/ol>\n<p>\n<strong>Etapa 2: INTERCONECTAREA MODULULUI DE COMUNICATIE V2X CU ALTE MODULE DE COMUNICATIE INTER SI INTRA VEHICULAR\u0102<\/strong><\/p>\n<ol>\n<li>Proiectarea tehnologiei de interconectare intre modulul de comunica\u021bie V2X si modulul de comunica\u021bie prin lumin\u0103 vizibil\u0103 (VLC)<\/li>\n<li>Proiectarea tehnologiei de interconectare intre modulul de comunica\u021bie V2X \u0219i modulul de realitate augmentat\u0103 (IV-AR)<\/li>\n<li>Implementarea software a modulelor de interconectare<\/li>\n<li>Testarea modulelor de interconectare in cadrul arhitecturii software<\/li>\n<li>Organizare Workshop Comunica\u021bie technologii inter si intra vehiculare<\/li>\n<li>Realizare interfata de generare si compresie holograme digitizate<\/li>\n<\/ol>\n<p>\n<strong>Etapa 3: IMPLEMENTARE DE APLICA\u021aII COOPERATIVE PENTRU ASISTENTA CONDUCERII SI VEHICULE AUTONOME<\/strong><\/p>\n<ol>\n<li>Proiectarea unor aplica\u021bii de asistarea a conducerii folosind comunica\u021bie V2X si comunica\u021bie prin lumina vizibil\u0103 (VLC)<\/li>\n<li>Implementare software si integrare \u00een arhitectura global\u0103 a proiectului<\/li>\n<li>Testarea aplica\u021biilor de asistare a conducerii<\/li>\n<li>Testarea interfetei de generare si compresie holograme digitizate<\/li>\n<li>Rezultate experimentale si evaluare<\/li>\n<\/ol>\n<\/div>\n","protected":false},"excerpt":{"rendered":"<p>PROIECT 3: Tehnologii de comunica\u021bie V2X pentru sisteme cooperative de asistare a conducerii si vehicule autonome Descriere: Proiectul \u00ee\u0219i propune dezvoltarea unei noi arhitecturi de comunica\u021bie V2X,analiz\u00e2nd cele dou\u0103 modalit\u0103\u021bi principale de comunica\u021bie, interconectarea acestei arhitecturi cu alte mecanisme de &hellip; <a href=\"https:\/\/cv.utcluj.ro\/carsafe\/index.php\/planderealizare\/\">Continue reading <span class=\"meta-nav\">&rarr;<\/span><\/a><\/p>\n","protected":false},"author":1,"featured_media":0,"parent":0,"menu_order":2,"comment_status":"closed","ping_status":"closed","template":"","meta":[],"_links":{"self":[{"href":"https:\/\/cv.utcluj.ro\/carsafe\/index.php\/wp-json\/wp\/v2\/pages\/24"}],"collection":[{"href":"https:\/\/cv.utcluj.ro\/carsafe\/index.php\/wp-json\/wp\/v2\/pages"}],"about":[{"href":"https:\/\/cv.utcluj.ro\/carsafe\/index.php\/wp-json\/wp\/v2\/types\/page"}],"author":[{"embeddable":true,"href":"https:\/\/cv.utcluj.ro\/carsafe\/index.php\/wp-json\/wp\/v2\/users\/1"}],"replies":[{"embeddable":true,"href":"https:\/\/cv.utcluj.ro\/carsafe\/index.php\/wp-json\/wp\/v2\/comments?post=24"}],"version-history":[{"count":19,"href":"https:\/\/cv.utcluj.ro\/carsafe\/index.php\/wp-json\/wp\/v2\/pages\/24\/revisions"}],"predecessor-version":[{"id":213,"href":"https:\/\/cv.utcluj.ro\/carsafe\/index.php\/wp-json\/wp\/v2\/pages\/24\/revisions\/213"}],"wp:attachment":[{"href":"https:\/\/cv.utcluj.ro\/carsafe\/index.php\/wp-json\/wp\/v2\/media?parent=24"}],"curies":[{"name":"wp","href":"https:\/\/api.w.org\/{rel}","templated":true}]}}