{"id":2,"date":"2018-10-03T11:59:34","date_gmt":"2018-10-03T11:59:34","guid":{"rendered":"https:\/\/cv.utcluj.ro\/carsafe\/?page_id=2"},"modified":"2019-12-22T15:10:18","modified_gmt":"2019-12-22T13:10:18","slug":"echipa","status":"publish","type":"page","link":"https:\/\/cv.utcluj.ro\/carsafe\/index.php\/echipa\/","title":{"rendered":"Echipa"},"content":{"rendered":"<p style=\"text-align: justify;\"><strong>Universitatea Tehnica din Cluj-Napoca<\/strong><\/p>\n<p style=\"text-align: justify;\">Universitatea Tehnic\u0103 din Cluj-Napoca (UTCN) este una dintre cele mai prestigioase institu\u021bii de \u00eenv\u0103\u021b\u0103m\u00e2nt superior din Rom\u00e2nia \u0219i dateaz\u0103 din anul 1920. \u00cencep\u00e2nd cu anul 1977 au \u00eenceput programele de studiu \u00een automatica \u0219i calculatoare. De la \u00eenfiin\u021bare, Facultatea de Automatic\u0103 \u0219i Calculatoare a c\u00e2\u0219tigat o reputa\u021bie interna\u021bional\u0103 pentru standardele academice ridicate \u0219i excelen\u021ba \u00een cercetare. \u00cen prezent, facultatea are peste 120 de cadre didactice organizate \u00een trei departamente (Calcualtoare, Automatic\u0103 \u0219i Matematic\u0103), trei programe de licen\u021b\u0103, zece programe de masterat \u0219i dou\u0103 programe de doctorat \u00een care studiaz\u0103 circa 2000 de studenti. Departamentul de Calculatoare este implicat in o gam\u0103 larg\u0103 de teme de cercetare care abordeaz\u0103 aspecte fundamentale \u00een domeniul calculatoarelor \u0219i al tehnologiei informa\u021biei, cum ar fi: proiectarea \u0219i analiza algoritmilor, comunicarea datelor, viziunea artificial\u0103 \u0219i procesarea imaginilor, sistemele distribuite, grafica pe calculator. Membrii departamentului sunt implicati \u00een granturi \u0219i contracte de cercetare na\u021bionale \u0219i interna\u021bionale \u00een colaborare cu alte universit\u0103\u021bi sau parteneri industriali.<\/p>\n<p><strong>Membrii echipei:<\/strong><\/p>\n<ul>\n<li>Conf. dr. ing. Mihai Negru &#8211; coordonator proiect component 3<\/li>\n<li>Prof. dr. ing. Radu Danescu<\/li>\n<li>Conf. dr. ing. Tiberiu Marita<\/li>\n<li>Conf. dr. ing. Anca Marginean<\/li>\n<li>Sl. dr. ing. Raluca Brehar<\/li>\n<li>As. drd. ing. Razvan Itu<\/li>\n<li>drd. ing. Eduard Zadobrischi<\/li>\n<\/ul>\n<p><strong>Universitatea Politehnica din Bucuresti<\/strong><\/p>\n<p style=\"text-align: justify;\">Universitatea POLITEHNICA din Bucure\u0219ti (UPB) este cea mai veche \u0219i prestigioas\u0103 \u0219coal\u0103 de ingineri din Rom\u00e2nia, \u00eenfiin\u021bat\u0103 \u00een 1818 prin Opisul Domnesc al lui Vod\u0103 Caragea ca \u0218coala de ingineri hotarnici condus\u0103 de Gheorghe Laz\u0103r. \u00cen 1920 denumirea se schimb\u0103 \u00een POLITEHNICA din Bucure\u0219ti, \u00een 1948 devine Institutul Politehnic din Bucure\u0219ti, iar \u00een 1992 senatul universitar decide adoptarea numelui actual. UPB are \u00een componen\u021b\u0103 15 facult\u0103\u021bi cu circa 25000 de studen\u021bi \u0219i 1200 de cadre didactice, sus\u021bin\u00e2nd activitatea de cercetare fundamental\u0103 \u0219i aplicat\u0103 \u00een 47 centre de cercetare avansat\u0103, cu 71 de laboratoare, echipate la standarde de \u00eenalt\u0103 performan\u021b\u0103. UPB este membru activ \u00een peste 20 de organiza\u021bii academice interna\u021bionale \u0219i are acorduri de colaborare cu circa 250 de universit\u0103\u021bi europene, americane, din Asia \u0219i din Africa.<br \/>\nUPB particip\u0103 \u00een acest proiect prin Centrul de Optoelectronic\u0103 \u0219i Laboratorul de Procesare \u0219i Imagistic\u0103 Holografic\u0103, facult\u0103\u021bile de Electronic\u0103, Telecomunica\u0163ii \u015fi Tehnologia Informa\u0163iei (ETTI) \u0219i cea de \u0218tiin\u021be Aplicate (FSA), respectiv. Aria de cercetare a acestora cuprinde electronica cuantic\u0103 \u0219i tehnologiile optice, concretizate \u00een programe de cooperare cu institute de cercetare \u015fi universit\u0103\u0163i din \u0163ar\u0103 \u015fi din str\u0103in\u0103tate; colabor\u0103m cu partenerii industriali prin centrul de transfer tehnologic al UPB. Expertiza membrilor echipei \u00een holografie, procesare de imagini, compresie imagini va contribui la acest proiect pentru a digitiza holograme complexe \u0219i pentru a le compresa folosind transformata wavelet.<\/p>\n<p><strong>Membrii echipei:<\/strong><\/p>\n<ul>\n<li>Conf. dr. ing. Marian Vl\u0103descu &#8211; responsabil proiect component<\/li>\n<li>Conf. dr. fiz. Mona Mih\u0103ilescu &#8211; responsabil partener<\/li>\n<li>Conf. dr. ing. Eugen Scarlat<\/li>\n<li>Tehnician programator ing. Nicolae Mihale<\/li>\n<\/ul>\n","protected":false},"excerpt":{"rendered":"<p>Universitatea Tehnica din Cluj-Napoca Universitatea Tehnic\u0103 din Cluj-Napoca (UTCN) este una dintre cele mai prestigioase institu\u021bii de \u00eenv\u0103\u021b\u0103m\u00e2nt superior din Rom\u00e2nia \u0219i dateaz\u0103 din anul 1920. \u00cencep\u00e2nd cu anul 1977 au \u00eenceput programele de studiu \u00een automatica \u0219i calculatoare. De &hellip; <a href=\"https:\/\/cv.utcluj.ro\/carsafe\/index.php\/echipa\/\">Continue reading <span class=\"meta-nav\">&rarr;<\/span><\/a><\/p>\n","protected":false},"author":1,"featured_media":0,"parent":0,"menu_order":1,"comment_status":"closed","ping_status":"open","template":"","meta":[],"_links":{"self":[{"href":"https:\/\/cv.utcluj.ro\/carsafe\/index.php\/wp-json\/wp\/v2\/pages\/2"}],"collection":[{"href":"https:\/\/cv.utcluj.ro\/carsafe\/index.php\/wp-json\/wp\/v2\/pages"}],"about":[{"href":"https:\/\/cv.utcluj.ro\/carsafe\/index.php\/wp-json\/wp\/v2\/types\/page"}],"author":[{"embeddable":true,"href":"https:\/\/cv.utcluj.ro\/carsafe\/index.php\/wp-json\/wp\/v2\/users\/1"}],"replies":[{"embeddable":true,"href":"https:\/\/cv.utcluj.ro\/carsafe\/index.php\/wp-json\/wp\/v2\/comments?post=2"}],"version-history":[{"count":26,"href":"https:\/\/cv.utcluj.ro\/carsafe\/index.php\/wp-json\/wp\/v2\/pages\/2\/revisions"}],"predecessor-version":[{"id":231,"href":"https:\/\/cv.utcluj.ro\/carsafe\/index.php\/wp-json\/wp\/v2\/pages\/2\/revisions\/231"}],"wp:attachment":[{"href":"https:\/\/cv.utcluj.ro\/carsafe\/index.php\/wp-json\/wp\/v2\/media?parent=2"}],"curies":[{"name":"wp","href":"https:\/\/api.w.org\/{rel}","templated":true}]}}