{"id":11,"date":"2018-10-24T11:36:16","date_gmt":"2018-10-24T09:36:16","guid":{"rendered":"https:\/\/cv.utcluj.ro\/carsafe\/?page_id=11"},"modified":"2018-11-16T12:24:45","modified_gmt":"2018-11-16T10:24:45","slug":"carsafe","status":"publish","type":"page","link":"https:\/\/cv.utcluj.ro\/carsafe\/","title":{"rendered":"Acasa"},"content":{"rendered":"<div style=\"text-align:justify; font-weight: bold; color: #800000;\">Platform\u0103 Hibrid\u0103 de Comunica\u021bii prin Lumin\u0103 Vizibil\u0103 \u0219i Realitate Augmentat\u0103 pentru Dezvoltarea de Sisteme Inteligente de Asisten\u021b\u0103 \u0219i Siguran\u021b\u0103 Activ\u0103 a Autovehiculelor.<\/div>\n<p>Proiect 21 PCCDI\/2018, finantat de UEFISCDI.<\/p>\n<p><strong>Descrierea Proiectului<\/strong><\/p>\n<div style=\"text-align:justify;\">Sistemele cooperative de asistare a conducerii au dob\u00e2ndit o importan\u021b\u0103 deosebit\u0103 pentru cre\u0219terea eficien\u021bei si siguran\u021bei in trafic. \u00cen viitor vehiculele vor comunica at\u00e2t intre ele (comunicare de tip V2V) c\u00e2t \u0219i cu elemente de infrastructur\u0103 (comunica\u021bie de tip V2I): semne de circula\u021bie inteligente, semafoare inteligente, alte elemente de infrastructura local\u0103 (RSU &#8211; road side units). Astfel, vehiculele si elementele de infrastructur\u0103 vor forma o re\u021bea vehicular\u0103 ad-hoc. A\u0219adar, o direc\u021bie important\u0103 de cercetare se va axa pe aceste modalit\u0103\u021bi de comunica\u021bie, securitatea necesar\u0103 pentru astfel de sisteme de comunica\u021bie in re\u021bele vehiculare in diverse aplica\u021bii cooperative de asistare a conducerii si pentru vehicule autonome. In literatura de specialitate se \u00eentrev\u0103d dou\u0103 mari direc\u021bii pentru comunicarea de tip V2X (V2V \u0219i V2I) comunicare bazat\u0103 pe standardul 802.11p \u0219i comunicare bazat\u0103 pe tehnologii de comunica\u021bie mobil\u0103 de tip LTE (long term evolution). Recent au fost investigate \u0219i solu\u021bii hibride care incorporeaz\u0103 ambele modalit\u0103\u021bi de comunica\u021bie. Proiectul de fa\u021b\u0103 \u00ee\u0219i propune dezvoltarea unei noi arhitecturi de comunica\u021bie V2X, analiz\u00e2nd cele dou\u0103 modalit\u0103\u021bi principale de comunica\u021bie, interconectarea acestei arhitecturi cu alte modalit\u0103\u021bi de comunica\u021bie (VLC, IV-AR) \u0219i dezvoltarea de noi aplica\u021bii de asistare a conducerii care sa poat\u0103 fi integrate \u0219i in vehiculele autonome.<\/div>\n","protected":false},"excerpt":{"rendered":"<p>Platform\u0103 Hibrid\u0103 de Comunica\u021bii prin Lumin\u0103 Vizibil\u0103 \u0219i Realitate Augmentat\u0103 pentru Dezvoltarea de Sisteme Inteligente de Asisten\u021b\u0103 \u0219i Siguran\u021b\u0103 Activ\u0103 a Autovehiculelor. Proiect 21 PCCDI\/2018, finantat de UEFISCDI. Descrierea Proiectului Sistemele cooperative de asistare a conducerii au dob\u00e2ndit o importan\u021b\u0103 &hellip; <a href=\"https:\/\/cv.utcluj.ro\/carsafe\/\">Continue reading <span class=\"meta-nav\">&rarr;<\/span><\/a><\/p>\n","protected":false},"author":1,"featured_media":97,"parent":0,"menu_order":0,"comment_status":"closed","ping_status":"closed","template":"","meta":[],"_links":{"self":[{"href":"https:\/\/cv.utcluj.ro\/carsafe\/index.php\/wp-json\/wp\/v2\/pages\/11"}],"collection":[{"href":"https:\/\/cv.utcluj.ro\/carsafe\/index.php\/wp-json\/wp\/v2\/pages"}],"about":[{"href":"https:\/\/cv.utcluj.ro\/carsafe\/index.php\/wp-json\/wp\/v2\/types\/page"}],"author":[{"embeddable":true,"href":"https:\/\/cv.utcluj.ro\/carsafe\/index.php\/wp-json\/wp\/v2\/users\/1"}],"replies":[{"embeddable":true,"href":"https:\/\/cv.utcluj.ro\/carsafe\/index.php\/wp-json\/wp\/v2\/comments?post=11"}],"version-history":[{"count":16,"href":"https:\/\/cv.utcluj.ro\/carsafe\/index.php\/wp-json\/wp\/v2\/pages\/11\/revisions"}],"predecessor-version":[{"id":197,"href":"https:\/\/cv.utcluj.ro\/carsafe\/index.php\/wp-json\/wp\/v2\/pages\/11\/revisions\/197"}],"wp:featuredmedia":[{"embeddable":true,"href":"https:\/\/cv.utcluj.ro\/carsafe\/index.php\/wp-json\/wp\/v2\/media\/97"}],"wp:attachment":[{"href":"https:\/\/cv.utcluj.ro\/carsafe\/index.php\/wp-json\/wp\/v2\/media?parent=11"}],"curies":[{"name":"wp","href":"https:\/\/api.w.org\/{rel}","templated":true}]}}