{"id":106,"date":"2018-11-14T12:37:53","date_gmt":"2018-11-14T10:37:53","guid":{"rendered":"https:\/\/cv.utcluj.ro\/carsafe\/?page_id=106"},"modified":"2021-10-02T12:32:39","modified_gmt":"2021-10-02T10:32:39","slug":"publications","status":"publish","type":"page","link":"https:\/\/cv.utcluj.ro\/carsafe\/index.php\/en\/publications\/","title":{"rendered":"Publications"},"content":{"rendered":"<p><strong>2018<\/strong><\/p>\n<ul>\n<li style=\"text-align: justify;\">B. Blaga, M. Deac, R. W. Y. Al-doori, M. Negru and R. D\u01cenescu, &#8220;Miniature Autonomous Vehicle Development on Raspberry Pi,&#8221; 2018 IEEE 14th International Conference on Intelligent Computer Communication and Processing (ICCP), Cluj-Napoca, Romania, 2018, pp. 229-236.<\/li>\n<\/ul>\n\n\n<p><strong>2019<\/strong><\/p>\n\n\n\n<ul><li> E. Zadobrischi, S. Av\u0103t\u0103m\u0103nitei, A. C\u0103ilean, M. Dimian and M. Negru,  &#8220;Toward a hybrid vehicle communication platform based on VLC and DSRC  technologies,&#8221; <em>2019 IEEE 15th International Conference on Intelligent Computer Communication and Processing (ICCP)<\/em>, Cluj-Napoca, Romania, 2019, pp. 103-107.  <\/li><li>A.Marginean, R. Brehar, M. Negru, \u201cUnderstanding pedestrian behaviour with pose estimation and recurrent networks\u201d,&nbsp; 6th International Symposium On Electrical And Electronics Engineering, Galati Romania, 2019, pp. <\/li><li> R. Brehar, T. Marita, M. Negru, S. Nedevschi, Pedestrian Identification in Infrared and Visible Images Based on Pose Keypoints Matching,  2019 2<sup>nd<\/sup> International Joint Conference on Computer Vision and Pattern  Recognition (CCVPR 2019), Nov. 22-24, 2019,&nbsp; Prague, Czech Republic.  <\/li><\/ul>\n\n\n\n<p><strong>2020<\/strong><\/p>\n\n\n\n<ul><li>E. Zadobrischi and M. Negru, &#8220;Pedestrian detection based on TensorFlow YOLOv3 embedded in a portable system adaptable to vehicles,&#8221; <em>2020 International Conference on Development and Application Systems (DAS)<\/em>, Suceava, Romania, 2020, pp. 21-26<\/li><li>E. Zadobrischi, L. -M. Cosovanu, M. Negru and M. Dimian, \u201cDetection of Emotional States Through the Facial Expressions of Drivers Embedded in a Portable System Dedicated to Vehicles,\u201d <em>2020 28th Telecommunications Forum (TELFOR)<\/em>, 2020, pp. 1-4, doi: 10.1109\/TELFOR51502.2020.9306572<\/li><\/ul>\n\n\n\n<p><strong>2021<\/strong><\/p>\n\n\n\n<ul><li>R. D. Brehar, M. P. Muresan, T. Mari\u0163a, C. -C. Vancea, M. Negru and S. Nedevschi, &#8220;Pedestrian Street-Cross Action Recognition in Monocular Far Infrared Sequences,&#8221; in <em>IEEE Access<\/em>, vol. 9, pp. 74302-74324, 2021, doi: 10.1109\/ACCESS.2021.3080822.<\/li><\/ul>\n","protected":false},"excerpt":{"rendered":"<p>2018 B. Blaga, M. Deac, R. W. Y. Al-doori, M. Negru and R. D\u01cenescu, &#8220;Miniature Autonomous Vehicle Development on Raspberry Pi,&#8221; 2018 IEEE 14th International Conference on Intelligent Computer Communication and Processing (ICCP), Cluj-Napoca, Romania, 2018, pp. 229-236. 2019 E. &hellip; <a href=\"https:\/\/cv.utcluj.ro\/carsafe\/index.php\/en\/publications\/\">Continue reading <span class=\"meta-nav\">&rarr;<\/span><\/a><\/p>\n","protected":false},"author":1,"featured_media":0,"parent":0,"menu_order":3,"comment_status":"closed","ping_status":"closed","template":"","meta":[],"_links":{"self":[{"href":"https:\/\/cv.utcluj.ro\/carsafe\/index.php\/wp-json\/wp\/v2\/pages\/106"}],"collection":[{"href":"https:\/\/cv.utcluj.ro\/carsafe\/index.php\/wp-json\/wp\/v2\/pages"}],"about":[{"href":"https:\/\/cv.utcluj.ro\/carsafe\/index.php\/wp-json\/wp\/v2\/types\/page"}],"author":[{"embeddable":true,"href":"https:\/\/cv.utcluj.ro\/carsafe\/index.php\/wp-json\/wp\/v2\/users\/1"}],"replies":[{"embeddable":true,"href":"https:\/\/cv.utcluj.ro\/carsafe\/index.php\/wp-json\/wp\/v2\/comments?post=106"}],"version-history":[{"count":7,"href":"https:\/\/cv.utcluj.ro\/carsafe\/index.php\/wp-json\/wp\/v2\/pages\/106\/revisions"}],"predecessor-version":[{"id":249,"href":"https:\/\/cv.utcluj.ro\/carsafe\/index.php\/wp-json\/wp\/v2\/pages\/106\/revisions\/249"}],"wp:attachment":[{"href":"https:\/\/cv.utcluj.ro\/carsafe\/index.php\/wp-json\/wp\/v2\/media?parent=106"}],"curies":[{"name":"wp","href":"https:\/\/api.w.org\/{rel}","templated":true}]}}